{"id":2236,"date":"2024-08-25T11:36:13","date_gmt":"2024-08-25T09:36:13","guid":{"rendered":"https:\/\/thetrial.org\/?page_id=2236"},"modified":"2025-07-25T13:08:24","modified_gmt":"2025-07-25T11:08:24","slug":"videos-of-the-trial","status":"publish","type":"page","link":"https:\/\/thetrial.org\/de\/videos-of-the-trial\/","title":{"rendered":"Videos von Der Prozess"},"content":{"rendered":"<div class=\"wp-block-columns space-bottom-0 is-layout-flex wp-container-core-columns-is-layout-9d6595d7 wp-block-columns-is-layout-flex\">\n<div class=\"wp-block-column is-layout-flow wp-block-column-is-layout-flow\">\n<h1 class=\"wp-block-heading\">Videos von Der Prozess<\/h1>\n<\/div>\n<\/div>\n\n\n\n<div class=\"wp-block-columns top-0 space-top-0 is-layout-flex wp-container-core-columns-is-layout-9d6595d7 wp-block-columns-is-layout-flex\">\n<div class=\"wp-block-column is-layout-flow wp-block-column-is-layout-flow\">\n<div class=\"wp-block-group is-layout-grid wp-container-core-group-is-layout-baef362d wp-block-group-is-layout-grid\">\n<div class=\"wp-block-group bg-gradient-radial-prim-light\"><div class=\"wp-block-group__inner-container is-layout-constrained wp-block-group-is-layout-constrained\">\n<figure class=\"wp-block-embed is-type-video is-provider-youtube wp-block-embed-youtube wp-embed-aspect-16-9 wp-has-aspect-ratio\"><div class=\"wp-block-embed__wrapper\">\n<iframe loading=\"lazy\" title=\"Der Prozess 2024 - Treffen #1 - Mittwochmorgen\" width=\"500\" height=\"281\" src=\"https:\/\/www.youtube.com\/embed\/THxIt34al3w?feature=oembed\" frameborder=\"0\" allow=\"accelerometer; autoplay; clipboard-write; encrypted-media; gyroscope; picture-in-picture; web-share\" referrerpolicy=\"strict-origin-when-cross-origin\" allowfullscreen><\/iframe>\n<\/div><\/figure>\n\n\n\n<p><strong>The Trial 2024 - Sitzung #1 - Mittwochmorgen<\/strong><br>00:00:00 Er\u00f6ffnung mit dem Schofargebet von Eric Lagestrom und Band<br>00:30:30 Jack van der Tang bringt den Tora-Fall und erz\u00e4hlt, warum die Verhandlung\".<br>00:46:30 Botschafter Modi Ephraim begr\u00fc\u00dft alle<br>00:51:28 Jack van der Tang f\u00e4hrt fort<br>00:54:00 Rabbi Katzman, der \u00f6rtliche Rabbiner, spricht \u00fcber internationales Recht<br>01:08:40 Offizielles Er\u00f6ffnungsgebet mit John Robb, Hudson Mukunza und Jack van der Tang<br>01:15:05 Gebet von Jack van der Tang, erster Einsatz zu Beginn der Sitzungen mit dem Hammer, der kommende Abschnitt wird von Eddy Boevink geleitet<br>01:15:50 Lars Enarson: \"Die Wahrheit \u00fcber Pal\u00e4stina\"<br>01:49:55 Kevin Jessip, Gr\u00fcnder von The Return International<br>02:13:00 David Parson Vizepr\u00e4sident der Internationalen Botschaft von Jerusalem<br>02:27:21 Willem Glashouwer Pr\u00e4sident von Christen f\u00fcr Israel International<\/p>\n<\/div><\/div>\n\n\n\n<div class=\"wp-block-group bg-gradient-radial-prim-light\"><div class=\"wp-block-group__inner-container is-layout-constrained wp-block-group-is-layout-constrained\">\n<figure class=\"wp-block-embed is-type-video is-provider-youtube wp-block-embed-youtube wp-embed-aspect-16-9 wp-has-aspect-ratio\"><div class=\"wp-block-embed__wrapper\">\n<iframe loading=\"lazy\" title=\"\u2060\u2060Der Prozess 2024 - Treffen #2 - Mittwochnachmittag\" width=\"500\" height=\"281\" src=\"https:\/\/www.youtube.com\/embed\/pKK4VcOq_IU?feature=oembed\" frameborder=\"0\" allow=\"accelerometer; autoplay; clipboard-write; encrypted-media; gyroscope; picture-in-picture; web-share\" referrerpolicy=\"strict-origin-when-cross-origin\" allowfullscreen><\/iframe>\n<\/div><\/figure>\n\n\n\n<p><strong>The Trial 2024 - Sitzung #2 - Mittwoch Nachmittag<\/strong><br>00:00:00 Shofar und Er\u00f6ffnungssitzung durch Jack van der Tang<br>00:01:15 Anbetung<br>00:30:25 Andrew Tucker: Israel, 'Pal\u00e4stina' und der Internationale Gerichtshof<br>01:04:45 Bill Koenig: 'Auge in Auge'<br>01:39:10 \"Warnung Stimme Gottes\"<br>02:03:45 dr Satish Kumar \u00fcber Reue<br>02:07:10 Zeit der Bu\u00dfe durch Vertreter verschiedener Nationen, von Berthold Becker<br>02:56:20 Abschlie\u00dfende Worte zu dieser Sitzung von Jack van der Tang<br>03:01:40 Anbetung - Lied des Elias<\/p>\n<\/div><\/div>\n\n\n\n<div class=\"wp-block-group bg-gradient-radial-prim-light\"><div class=\"wp-block-group__inner-container is-layout-constrained wp-block-group-is-layout-constrained\">\n<figure class=\"wp-block-embed is-type-video is-provider-youtube wp-block-embed-youtube wp-embed-aspect-16-9 wp-has-aspect-ratio\"><div class=\"wp-block-embed__wrapper\">\n<iframe loading=\"lazy\" title=\"Der Prozess 2024 - Treffen #3 - Donnerstagmorgen - Unterzeichnung des Dekrets\" width=\"500\" height=\"281\" src=\"https:\/\/www.youtube.com\/embed\/f901ZJqjNZg?feature=oembed\" frameborder=\"0\" allow=\"accelerometer; autoplay; clipboard-write; encrypted-media; gyroscope; picture-in-picture; web-share\" referrerpolicy=\"strict-origin-when-cross-origin\" allowfullscreen><\/iframe>\n<\/div><\/figure>\n\n\n\n<p><strong>The Trial 2024 - Sitzung #3 - Donnerstagmorgen - Unterzeichnung des Dekrets<\/strong><br>00:00:00 Anbetung<br>00:32:45 Er\u00f6ffnung durch Jack van der Tang- Einleitung Das Dekret - gemeinsam verk\u00fcnden<br>00:50:55 Schofar<br>00:52:00 Jim Garlow: u.a.: Aussagekr\u00e4ftiges Zeugnis \u00fcber den Ridderzaal - 2019<br>Wie wichtig es ist, in Aktion zu treten und dem Willen Gottes zu gehorchen<br>01:09:40 die Vertreter der Nationen nach vorne zu rufen oder aufzustehen<br>01:13:30 Offizieller Beginn der Gerichtsverhandlung - Anf\u00fchrer stehen f\u00fcr ihr Land ein<br>01:59:30 Ein direktes Wort zu den 15 Richtern des IGH<br>02:00:40 Schlie\u00dfung dieser Sitzung mit dem Hammer<br>02:01:05 Anbetung<br>02:05:33 Kevin Jessip<br>02:16:50 Schlusswort von Jack van der Tang<\/p>\n<\/div><\/div>\n\n\n\n<div class=\"wp-block-group bg-gradient-radial-prim-light\"><div class=\"wp-block-group__inner-container is-layout-constrained wp-block-group-is-layout-constrained\">\n<figure class=\"wp-block-embed is-type-video is-provider-youtube wp-block-embed-youtube wp-embed-aspect-16-9 wp-has-aspect-ratio\"><div class=\"wp-block-embed__wrapper\">\n<iframe loading=\"lazy\" title=\"Der Prozess 2024 - Sitzung #4 - Donnerstagnachmittag - Urteilsverk\u00fcndung\" width=\"500\" height=\"281\" src=\"https:\/\/www.youtube.com\/embed\/Bai1KuCEbM8?feature=oembed\" frameborder=\"0\" allow=\"accelerometer; autoplay; clipboard-write; encrypted-media; gyroscope; picture-in-picture; web-share\" referrerpolicy=\"strict-origin-when-cross-origin\" allowfullscreen><\/iframe>\n<\/div><\/figure>\n\n\n\n<p><strong>Die Verhandlung 2024 - Sitzung #4 - Donnerstagnachmittag - Verk\u00fcndung des Dekrets<\/strong><br>00:00:00 Beginn der letzten Sitzung des offiziellen Teils von The Trial<br>00:00:04 Anbetung<br>00:22:03 Jack van der Tang<br>00:23:00 Christo Heiberg aus S\u00fcdafrika<br>00:47:40 Tania Koeing stellt die Botschaft der First Lady von Brasilien, Michele Bolsenaro, vor und erl\u00e4utert sie.<br>00:50:18 Videobotschaft von Michele Bolsenaro<br>00:56:10 Einf\u00fchrung der n\u00e4chsten Viseos von Rick Ridings<br>01:01:42 Videobotschaft des ehrenwerten Alfred Ngaro, Maori-F\u00fchrer, der 18 Jahre lang als Abgeordneter im neuseel\u00e4ndischen Parlament und als Minister in der Regierung t\u00e4tig war<br>01:04:30 Videobotschaft Alfred Ngaro<br>Videobotschaft eines Vertreters Ihrer Majest\u00e4t, der K\u00f6nigin von Tonga<br>01:06:25 Botschaft von Hudson Mukunza - Kenia<br>01:08:25 Botschaft von John Robb<br>01:23:41 Rick Ridings<br>01:44:00 Zeremonie \"Besiegelung des Dekrets<br>01:50:09 Blasen der Schofare<br>02:03:02 Abreise' mit einer Delegation zum Friedenspalast - Zeit der Interaktion zwischen dem Friedenspalast und dem WorldForum &amp; David Parson spricht vor dem Friedenspalast<br>02:24:50 Ein Wunder: Das Unm\u00f6gliche geschieht: Jack van der Tang wird erlaubt, den IGH zu betreten und das Dekret zu \u00fcbergeben.<br>02:56:04 Die Gruppe ist zur\u00fcck und es folgt eine Zeit des Dankes und des Gebets.<br>03:08:05 Die Verhandlung ist offiziell geschlossen. Es folgt nur noch die Abendveranstaltung.<\/p>\n<\/div><\/div>\n\n\n\n<div class=\"wp-block-group bg-gradient-radial-prim-light\"><div class=\"wp-block-group__inner-container is-layout-constrained wp-block-group-is-layout-constrained\">\n<figure class=\"wp-block-embed is-type-video is-provider-youtube wp-block-embed-youtube wp-embed-aspect-16-9 wp-has-aspect-ratio\"><div class=\"wp-block-embed__wrapper\">\n<iframe loading=\"lazy\" title=\"Der Prozess 2024 - Treffen #5 - Donnerstagabend - Abschlusszeremonie\" width=\"500\" height=\"281\" src=\"https:\/\/www.youtube.com\/embed\/F0_tsfIdemk?feature=oembed\" frameborder=\"0\" allow=\"accelerometer; autoplay; clipboard-write; encrypted-media; gyroscope; picture-in-picture; web-share\" referrerpolicy=\"strict-origin-when-cross-origin\" allowfullscreen><\/iframe>\n<\/div><\/figure>\n\n\n\n<p><strong>The Trial 2024 - Treffen #5 - Donnerstagabend - Abschlussveranstaltung<\/strong><br>00:00:45 Blasen des Schofars<br>00:01:25 Willkommen bei Jack van der Tang<br>00:03:13 Anbetung<br>00:23:00 Dr. Satish Kumar. Pastor der gr\u00f6\u00dften Kirche in Indien<br>01:08:00 Urker Man's Choir<br>01:25:40 Yaron Wax, stellvertretender Botschafter von Israel in Den Haag<br>01:33:50 Videobotschaft von Jonathan Cahn<br>01:49:30 Anbetung<br>01:55:40 Nachricht von Michele Bachmann<br>02:18:00 Schlusswort von Jack van der Tang \/ Anbetung<\/p>\n<\/div><\/div>\n<\/div>\n<\/div>\n<\/div>","protected":false},"excerpt":{"rendered":"<p>Videos of The Trial The Trial 2024 &#8211; Meeting #1 &#8211; Wednesday morning00:00:00 Opening with the shofar worship by Eric Lagestrom and band00:30:30 Jack van der Tang brings the Torah case and shares about &#8216;why The Trial&#8217;00:46:30 ambassador Modi Ephraim welcomes everybody00:51:28 Jack van der Tang continues00:54:00 Rabbi Katzman, as the local rabbi, speaks about [&hellip;]<\/p>\n","protected":false},"author":8,"featured_media":0,"parent":0,"menu_order":0,"comment_status":"closed","ping_status":"closed","template":"","meta":{"_acf_changed":false,"footnotes":""},"class_list":["post-2236","page","type-page","status-publish","hentry"],"acf":[],"_links":{"self":[{"href":"https:\/\/thetrial.org\/de\/wp-json\/wp\/v2\/pages\/2236","targetHints":{"allow":["GET"]}}],"collection":[{"href":"https:\/\/thetrial.org\/de\/wp-json\/wp\/v2\/pages"}],"about":[{"href":"https:\/\/thetrial.org\/de\/wp-json\/wp\/v2\/types\/page"}],"author":[{"embeddable":true,"href":"https:\/\/thetrial.org\/de\/wp-json\/wp\/v2\/users\/8"}],"replies":[{"embeddable":true,"href":"https:\/\/thetrial.org\/de\/wp-json\/wp\/v2\/comments?post=2236"}],"version-history":[{"count":3,"href":"https:\/\/thetrial.org\/de\/wp-json\/wp\/v2\/pages\/2236\/revisions"}],"predecessor-version":[{"id":2260,"href":"https:\/\/thetrial.org\/de\/wp-json\/wp\/v2\/pages\/2236\/revisions\/2260"}],"wp:attachment":[{"href":"https:\/\/thetrial.org\/de\/wp-json\/wp\/v2\/media?parent=2236"}],"curies":[{"name":"wp","href":"https:\/\/api.w.org\/{rel}","templated":true}]}}