{"id":2236,"date":"2024-08-25T11:36:13","date_gmt":"2024-08-25T09:36:13","guid":{"rendered":"https:\/\/thetrial.org\/?page_id=2236"},"modified":"2025-07-25T13:08:24","modified_gmt":"2025-07-25T11:08:24","slug":"videos-of-the-trial","status":"publish","type":"page","link":"https:\/\/thetrial.org\/es\/videos-of-the-trial\/","title":{"rendered":"V\u00eddeos del juicio"},"content":{"rendered":"<div class=\"wp-block-columns space-bottom-0 is-layout-flex wp-container-core-columns-is-layout-9d6595d7 wp-block-columns-is-layout-flex\">\n<div class=\"wp-block-column is-layout-flow wp-block-column-is-layout-flow\">\n<h1 class=\"wp-block-heading\">V\u00eddeos del juicio<\/h1>\n<\/div>\n<\/div>\n\n\n\n<div class=\"wp-block-columns top-0 space-top-0 is-layout-flex wp-container-core-columns-is-layout-9d6595d7 wp-block-columns-is-layout-flex\">\n<div class=\"wp-block-column is-layout-flow wp-block-column-is-layout-flow\">\n<div class=\"wp-block-group is-layout-grid wp-container-core-group-is-layout-baef362d wp-block-group-is-layout-grid\">\n<div class=\"wp-block-group bg-gradient-radial-prim-light\"><div class=\"wp-block-group__inner-container is-layout-constrained wp-block-group-is-layout-constrained\">\n<figure class=\"wp-block-embed is-type-video is-provider-youtube wp-block-embed-youtube wp-embed-aspect-16-9 wp-has-aspect-ratio\"><div class=\"wp-block-embed__wrapper\">\n<iframe loading=\"lazy\" title=\"El Juicio 2024 - Reuni\u00f3n #1 - Mi\u00e9rcoles por la ma\u00f1ana\" width=\"500\" height=\"281\" src=\"https:\/\/www.youtube.com\/embed\/THxIt34al3w?feature=oembed\" frameborder=\"0\" allow=\"accelerometer; autoplay; clipboard-write; encrypted-media; gyroscope; picture-in-picture; web-share\" referrerpolicy=\"strict-origin-when-cross-origin\" allowfullscreen><\/iframe>\n<\/div><\/figure>\n\n\n\n<p><strong>The Trial 2024 - Reuni\u00f3n #1 - Mi\u00e9rcoles por la ma\u00f1ana<\/strong><br>00:00:00 Apertura con la adoraci\u00f3n del shofar por Eric Lagestrom y banda<br>00:30:30 Jack van der Tang presenta el caso Torah y explica \"por qu\u00e9 el juicio\".<br>00:46:30 El embajador Modi Ephraim da la bienvenida a todos<br>00:51:28 Jack van der Tang contin\u00faa<br>00:54:00 El rabino Katzman, como rabino local, habla del derecho internacional<br>01:08:40 Oraci\u00f3n oficial de apertura con John Robb, Hudson Mukunza y Jack van der Tang<br>01:15:05 Oraci\u00f3n de Jack van der Tang, primer uso del inicio de las sesiones con el martillo la secci\u00f3n que viene es dirigida por Eddy Boevink<br>01:15:50 Lars Enarson: \"La verdad sobre Palestina\"<br>01:49:55 Kevin Jessip Fundador de The Return International<br>02:13:00 David Parson Vicepresidente de la Embajada Internacional de Jerusal\u00e9n<br>02:27:21 Willem Glashouwer presidente de Cristianos por Israel Internacional<\/p>\n<\/div><\/div>\n\n\n\n<div class=\"wp-block-group bg-gradient-radial-prim-light\"><div class=\"wp-block-group__inner-container is-layout-constrained wp-block-group-is-layout-constrained\">\n<figure class=\"wp-block-embed is-type-video is-provider-youtube wp-block-embed-youtube wp-embed-aspect-16-9 wp-has-aspect-ratio\"><div class=\"wp-block-embed__wrapper\">\n<iframe loading=\"lazy\" title=\"\u2060\u2060El Juicio 2024 - Reuni\u00f3n #2 - Mi\u00e9rcoles por la tarde\" width=\"500\" height=\"281\" src=\"https:\/\/www.youtube.com\/embed\/pKK4VcOq_IU?feature=oembed\" frameborder=\"0\" allow=\"accelerometer; autoplay; clipboard-write; encrypted-media; gyroscope; picture-in-picture; web-share\" referrerpolicy=\"strict-origin-when-cross-origin\" allowfullscreen><\/iframe>\n<\/div><\/figure>\n\n\n\n<p><strong>The Trial 2024 - Reuni\u00f3n #2 - Mi\u00e9rcoles por la tarde<\/strong><br>00:00:00 Shofar y sesi\u00f3n inaugural a cargo de Jack van der Tang<br>00:01:15 Adoraci\u00f3n<br>00:30:25 Andrew Tucker: Israel, \"Palestina\" y la Corte Internacional de Justicia<br>01:04:45 Bill Koenig: 'Eye to Eye' (Ojo a ojo)<br>01:39:10 \"Advertencia Voz de Dios\"<br>02:03:45 dr Satish Kumar sobre el arrepentimiento<br>02:07:10 Tiempo de arrepentimiento de representantes de diferentes naciones, por Berthold Becker<br>02:56:20 Palabras de clausura de esta sesi\u00f3n por Jack van der Tang<br>03:01:40 Adoraci\u00f3n - canci\u00f3n de El\u00edas<\/p>\n<\/div><\/div>\n\n\n\n<div class=\"wp-block-group bg-gradient-radial-prim-light\"><div class=\"wp-block-group__inner-container is-layout-constrained wp-block-group-is-layout-constrained\">\n<figure class=\"wp-block-embed is-type-video is-provider-youtube wp-block-embed-youtube wp-embed-aspect-16-9 wp-has-aspect-ratio\"><div class=\"wp-block-embed__wrapper\">\n<iframe loading=\"lazy\" title=\"El Proceso 2024 - Reuni\u00f3n #3 - Jueves por la ma\u00f1ana - firma del decreto\" width=\"500\" height=\"281\" src=\"https:\/\/www.youtube.com\/embed\/f901ZJqjNZg?feature=oembed\" frameborder=\"0\" allow=\"accelerometer; autoplay; clipboard-write; encrypted-media; gyroscope; picture-in-picture; web-share\" referrerpolicy=\"strict-origin-when-cross-origin\" allowfullscreen><\/iframe>\n<\/div><\/figure>\n\n\n\n<p><strong>El Proceso 2024 - Reuni\u00f3n #3 - Jueves por la ma\u00f1ana - firma del decreto<\/strong><br>00:00:00 Adoraci\u00f3n<br>00:32:45 Apertura por Jack van der Tang- introducci\u00f3n El Decreto - proclamando juntos<br>00:50:55 Shofares<br>00:52:00 Jim Garlow: entre otros: impactante testimonio sobre la Ridderzaal - 2019<br>La importancia de entrar en acci\u00f3n y obedecer la voluntad de Dios<br>01:09:40 llamando a los representantes de las naciones a presentarse o a levantarse<br>01:13:30 Comienza oficialmente el proceso judicial - Los l\u00edderes defienden a su naci\u00f3n<br>01:59:30 Unas palabras directas a los 15 Jueces de la CIJ<br>02:00:40 clausura de la sesi\u00f3n con el mazo<br>02:01:05 adoraci\u00f3n<br>02:05:33 Kevin Jessip<br>02:16:50 palabras finales de Jack van der Tang<\/p>\n<\/div><\/div>\n\n\n\n<div class=\"wp-block-group bg-gradient-radial-prim-light\"><div class=\"wp-block-group__inner-container is-layout-constrained wp-block-group-is-layout-constrained\">\n<figure class=\"wp-block-embed is-type-video is-provider-youtube wp-block-embed-youtube wp-embed-aspect-16-9 wp-has-aspect-ratio\"><div class=\"wp-block-embed__wrapper\">\n<iframe loading=\"lazy\" title=\"El Proceso 2024 - Reuni\u00f3n #4 - Jueves por la tarde - entrega del decreto\" width=\"500\" height=\"281\" src=\"https:\/\/www.youtube.com\/embed\/Bai1KuCEbM8?feature=oembed\" frameborder=\"0\" allow=\"accelerometer; autoplay; clipboard-write; encrypted-media; gyroscope; picture-in-picture; web-share\" referrerpolicy=\"strict-origin-when-cross-origin\" allowfullscreen><\/iframe>\n<\/div><\/figure>\n\n\n\n<p><strong>El Juicio 2024 - Reuni\u00f3n #4 - Jueves por la tarde - entrega del decreto<\/strong><br>00:00:00 comienza la \u00faltima sesi\u00f3n de la parte oficial de El Juicio<br>00:00:04 Adoraci\u00f3n<br>00:22:03 Jack van der Tang<br>00:23:00 Christo Heiberg, de Sud\u00e1frica<br>00:47:40 Tania Koeing presenta y explica el mensaje de la primera dama de Brasil,Michele Bolsenaro<br>00:50:18 videomensaje de Michele Bolsenaro<br>00:56:10 introducci\u00f3n next viseo's por Rick Ridings<br>01:01:42 Mensaje en v\u00eddeo del Honorable Alfred Ngaro, l\u00edder maor\u00ed que fue 18 a\u00f1os diputado en Nueva Zelanda y ministro de su gobierno.<br>01:04:30 videomensaje Alfred Ngaro<br>videomensaje de un representante de Su Majestad, la Reina de Tonga<br>01:06:25 Mensaje de Hudson Mukunza - Kenia<br>01:08:25 Mensaje de John Robb<br>01:23:41 Rick Ridings<br>01:44:00 Ceremonia de \"Sellado del decreto<br>01:50:09 Tocando los shofares<br>02:03:02 saliendo' con una delegaci\u00f3n hacia el Palacio de la Paz - momento de interacci\u00f3n entre el Palacio de la Paz y el Foro Mundial &amp; David Parson habla en la entrada del Palacio de la Paz<br>02:24:50 Un milagro: sucede lo imposible: Jack van der Tang puede entrar en la CIJ y entregar el Decreto.<br>02:56:04 El grupo est\u00e1 de vuelta y sigue un momento de agradecimiento y oraci\u00f3n.<br>03:08:05 El Juicio queda oficialmente cerrado. S\u00f3lo seguir\u00e1 la sesi\u00f3n vespertina.<\/p>\n<\/div><\/div>\n\n\n\n<div class=\"wp-block-group bg-gradient-radial-prim-light\"><div class=\"wp-block-group__inner-container is-layout-constrained wp-block-group-is-layout-constrained\">\n<figure class=\"wp-block-embed is-type-video is-provider-youtube wp-block-embed-youtube wp-embed-aspect-16-9 wp-has-aspect-ratio\"><div class=\"wp-block-embed__wrapper\">\n<iframe loading=\"lazy\" title=\"Trial 2024 - Reuni\u00f3n #5 - Jueves por la noche - ceremonia de clausura\" width=\"500\" height=\"281\" src=\"https:\/\/www.youtube.com\/embed\/F0_tsfIdemk?feature=oembed\" frameborder=\"0\" allow=\"accelerometer; autoplay; clipboard-write; encrypted-media; gyroscope; picture-in-picture; web-share\" referrerpolicy=\"strict-origin-when-cross-origin\" allowfullscreen><\/iframe>\n<\/div><\/figure>\n\n\n\n<p><strong>Trial 2024 - Reuni\u00f3n #5 - Jueves por la noche - ceremonia de clausura<\/strong><br>00:00:45 Tocar el shofar<br>00:01:25 Bienvenida por Jack van der Tang<br>00:03:13 Adoraci\u00f3n<br>00:23:00 Dr. Satish Kumar. Pastor de la mayor iglesia de la India<br>01:08:00 Coro de Urker Man<br>01:25:40 Yaron Wax, embajador adjunto de Israel en La Haya<br>01:33:50 Mensaje en v\u00eddeo de Jonathan Cahn<br>01:49:30 culto<br>01:55:40 Mensaje de Michele Bachmann<br>02:18:00 Palabras de clausura de Jack van der Tang \/ culto<\/p>\n<\/div><\/div>\n<\/div>\n<\/div>\n<\/div>","protected":false},"excerpt":{"rendered":"<p>Videos of The Trial The Trial 2024 &#8211; Meeting #1 &#8211; Wednesday morning00:00:00 Opening with the shofar worship by Eric Lagestrom and band00:30:30 Jack van der Tang brings the Torah case and shares about &#8216;why The Trial&#8217;00:46:30 ambassador Modi Ephraim welcomes everybody00:51:28 Jack van der Tang continues00:54:00 Rabbi Katzman, as the local rabbi, speaks about [&hellip;]<\/p>\n","protected":false},"author":8,"featured_media":0,"parent":0,"menu_order":0,"comment_status":"closed","ping_status":"closed","template":"","meta":{"_acf_changed":false,"footnotes":""},"class_list":["post-2236","page","type-page","status-publish","hentry"],"acf":[],"_links":{"self":[{"href":"https:\/\/thetrial.org\/es\/wp-json\/wp\/v2\/pages\/2236","targetHints":{"allow":["GET"]}}],"collection":[{"href":"https:\/\/thetrial.org\/es\/wp-json\/wp\/v2\/pages"}],"about":[{"href":"https:\/\/thetrial.org\/es\/wp-json\/wp\/v2\/types\/page"}],"author":[{"embeddable":true,"href":"https:\/\/thetrial.org\/es\/wp-json\/wp\/v2\/users\/8"}],"replies":[{"embeddable":true,"href":"https:\/\/thetrial.org\/es\/wp-json\/wp\/v2\/comments?post=2236"}],"version-history":[{"count":3,"href":"https:\/\/thetrial.org\/es\/wp-json\/wp\/v2\/pages\/2236\/revisions"}],"predecessor-version":[{"id":2260,"href":"https:\/\/thetrial.org\/es\/wp-json\/wp\/v2\/pages\/2236\/revisions\/2260"}],"wp:attachment":[{"href":"https:\/\/thetrial.org\/es\/wp-json\/wp\/v2\/media?parent=2236"}],"curies":[{"name":"wp","href":"https:\/\/api.w.org\/{rel}","templated":true}]}}