{"id":2236,"date":"2024-08-25T11:36:13","date_gmt":"2024-08-25T09:36:13","guid":{"rendered":"https:\/\/thetrial.org\/?page_id=2236"},"modified":"2025-07-25T13:08:24","modified_gmt":"2025-07-25T11:08:24","slug":"videos-of-the-trial","status":"publish","type":"page","link":"https:\/\/thetrial.org\/pt\/videos-of-the-trial\/","title":{"rendered":"V\u00eddeos de The Trial"},"content":{"rendered":"<div class=\"wp-block-columns space-bottom-0 is-layout-flex wp-container-core-columns-is-layout-9d6595d7 wp-block-columns-is-layout-flex\">\n<div class=\"wp-block-column is-layout-flow wp-block-column-is-layout-flow\">\n<h1 class=\"wp-block-heading\">V\u00eddeos de The Trial<\/h1>\n<\/div>\n<\/div>\n\n\n\n<div class=\"wp-block-columns top-0 space-top-0 is-layout-flex wp-container-core-columns-is-layout-9d6595d7 wp-block-columns-is-layout-flex\">\n<div class=\"wp-block-column is-layout-flow wp-block-column-is-layout-flow\">\n<div class=\"wp-block-group is-layout-grid wp-container-core-group-is-layout-baef362d wp-block-group-is-layout-grid\">\n<div class=\"wp-block-group bg-gradient-radial-prim-light\"><div class=\"wp-block-group__inner-container is-layout-constrained wp-block-group-is-layout-constrained\">\n<figure class=\"wp-block-embed is-type-video is-provider-youtube wp-block-embed-youtube wp-embed-aspect-16-9 wp-has-aspect-ratio\"><div class=\"wp-block-embed__wrapper\">\n<iframe loading=\"lazy\" title=\"The Trial 2024 - Reuni\u00e3o #1 - Quarta-feira de manh\u00e3\" width=\"500\" height=\"281\" src=\"https:\/\/www.youtube.com\/embed\/THxIt34al3w?feature=oembed\" frameborder=\"0\" allow=\"accelerometer; autoplay; clipboard-write; encrypted-media; gyroscope; picture-in-picture; web-share\" referrerpolicy=\"strict-origin-when-cross-origin\" allowfullscreen><\/iframe>\n<\/div><\/figure>\n\n\n\n<p><strong>The Trial 2024 - Reuni\u00e3o #1 - Quarta-feira de manh\u00e3<\/strong><br>00:00:00 Abertura com a adora\u00e7\u00e3o do shofar por Eric Lagestrom e banda<br>00:30:30 Jack van der Tang apresenta o caso Torah e partilha sobre \"porqu\u00ea o julgamento<br>00:46:30 O embaixador Modi Ephraim d\u00e1 as boas-vindas a todos<br>00:51:28 Jack van der Tang continua<br>00:54:00 O rabino Katzman, como rabino local, fala sobre o direito internacional<br>01:08:40 Ora\u00e7\u00e3o oficial de abertura com John Robb, Hudson Mukunza e Jack van der Tang<br>01:15:05 Ora\u00e7\u00e3o de Jack van der Tang, primeira utiliza\u00e7\u00e3o do in\u00edcio das sess\u00f5es com o martelo a sec\u00e7\u00e3o seguinte \u00e9 liderada por Eddy Boevink<br>01:15:50 Lars Enarson: \"A verdade sobre a Palestina\"<br>01:49:55 Kevin Jessip Fundador da The Return International<br>02:13:00 David Parson Vice-presidente da Embaixada Internacional de Jerusal\u00e9m<br>02:27:21 Willem Glashouwer presidente da Christians for Israel International<\/p>\n<\/div><\/div>\n\n\n\n<div class=\"wp-block-group bg-gradient-radial-prim-light\"><div class=\"wp-block-group__inner-container is-layout-constrained wp-block-group-is-layout-constrained\">\n<figure class=\"wp-block-embed is-type-video is-provider-youtube wp-block-embed-youtube wp-embed-aspect-16-9 wp-has-aspect-ratio\"><div class=\"wp-block-embed__wrapper\">\n<iframe loading=\"lazy\" title=\"The Trial 2024 - Reuni\u00e3o #2 - Quarta-feira \u00e0 tarde\" width=\"500\" height=\"281\" src=\"https:\/\/www.youtube.com\/embed\/pKK4VcOq_IU?feature=oembed\" frameborder=\"0\" allow=\"accelerometer; autoplay; clipboard-write; encrypted-media; gyroscope; picture-in-picture; web-share\" referrerpolicy=\"strict-origin-when-cross-origin\" allowfullscreen><\/iframe>\n<\/div><\/figure>\n\n\n\n<p><strong>The Trial 2024 - Reuni\u00e3o #2 - Quarta-feira \u00e0 tarde<\/strong><br>00:00:00 Shofar e sess\u00e3o de abertura por Jack van der Tang<br>00:01:15 Adora\u00e7\u00e3o<br>00:30:25 Andrew Tucker: Israel, \"Palestina\" e o Tribunal Internacional de Justi\u00e7a<br>01:04:45 Bill Koenig: 'Eye to Eye' (Olho no olho)<br>01:39:10 \"Voz de advert\u00eancia de Deus\"<br>02:03:45 Dr. Satish Kumar sobre o arrependimento<br>02:07:10 Tempo de arrependimento por representantes de diferentes na\u00e7\u00f5es, por Berthold Becker<br>02:56:20 Palavras finais desta sess\u00e3o por Jack van der Tang<br>03:01:40 Adora\u00e7\u00e3o - can\u00e7\u00e3o de Eliah<\/p>\n<\/div><\/div>\n\n\n\n<div class=\"wp-block-group bg-gradient-radial-prim-light\"><div class=\"wp-block-group__inner-container is-layout-constrained wp-block-group-is-layout-constrained\">\n<figure class=\"wp-block-embed is-type-video is-provider-youtube wp-block-embed-youtube wp-embed-aspect-16-9 wp-has-aspect-ratio\"><div class=\"wp-block-embed__wrapper\">\n<iframe loading=\"lazy\" title=\"The Trial 2024 - Reuni\u00e3o #3 - Quinta-feira de manh\u00e3 - assinatura do decreto\" width=\"500\" height=\"281\" src=\"https:\/\/www.youtube.com\/embed\/f901ZJqjNZg?feature=oembed\" frameborder=\"0\" allow=\"accelerometer; autoplay; clipboard-write; encrypted-media; gyroscope; picture-in-picture; web-share\" referrerpolicy=\"strict-origin-when-cross-origin\" allowfullscreen><\/iframe>\n<\/div><\/figure>\n\n\n\n<p><strong>The Trial 2024 - Reuni\u00e3o #3 - Quinta-feira de manh\u00e3 - assinatura do decreto<\/strong><br>00:00:00 Adora\u00e7\u00e3o<br>00:32:45 Abertura por Jack van der Tang - introdu\u00e7\u00e3o O Decreto - proclamando juntos<br>00:50:55 Shofars<br>00:52:00 Jim Garlow: entre outros: testemunho poderoso sobre o Ridderzaal - 2019<br>A import\u00e2ncia de entrar em a\u00e7\u00e3o e obedecer \u00e0 vontade de Deus<br>01:09:40 chamando os representantes das na\u00e7\u00f5es para a frente ou para se levantarem<br>01:13:30 In\u00edcio oficial do processo no Tribunal - Os l\u00edderes est\u00e3o a defender a sua na\u00e7\u00e3o<br>01:59:30 Uma palavra direta aos 15 ju\u00edzes do TIJ<br>02:00:40 encerramento desta sess\u00e3o com o martelo<br>02:01:05 adora\u00e7\u00e3o<br>02:05:33 Kevin Jessip<br>02:16:50 palavras finais de Jack van der Tang<\/p>\n<\/div><\/div>\n\n\n\n<div class=\"wp-block-group bg-gradient-radial-prim-light\"><div class=\"wp-block-group__inner-container is-layout-constrained wp-block-group-is-layout-constrained\">\n<figure class=\"wp-block-embed is-type-video is-provider-youtube wp-block-embed-youtube wp-embed-aspect-16-9 wp-has-aspect-ratio\"><div class=\"wp-block-embed__wrapper\">\n<iframe loading=\"lazy\" title=\"The Trial 2024 - Reuni\u00e3o #4 - Quinta-feira \u00e0 tarde - entrega do decreto\" width=\"500\" height=\"281\" src=\"https:\/\/www.youtube.com\/embed\/Bai1KuCEbM8?feature=oembed\" frameborder=\"0\" allow=\"accelerometer; autoplay; clipboard-write; encrypted-media; gyroscope; picture-in-picture; web-share\" referrerpolicy=\"strict-origin-when-cross-origin\" allowfullscreen><\/iframe>\n<\/div><\/figure>\n\n\n\n<p><strong>The Trial 2024 - Reuni\u00e3o #4 - Quinta-feira \u00e0 tarde - entrega do decreto<\/strong><br>00:00:00 in\u00edcio da \u00faltima sess\u00e3o da parte oficial do The Trial<br>00:00:04 Adora\u00e7\u00e3o<br>00:22:03 Jack van der Tang<br>00:23:00 Christo Heiberg da \u00c1frica do Sul<br>00:47:40 Tania Koeing apresenta e explica a mensagem da primeira-dama do Brasil, Michele Bolsenaro<br>00:50:18 mensagem v\u00eddeo de Michele Bolsenaro<br>00:56:10 Introdu\u00e7\u00e3o ao pr\u00f3ximo viseo por Rick Ridings<br>01:01:42 mensagem v\u00eddeo de Alfred Ngaro, l\u00edder Maori que foi deputado durante 18 anos no Parlamento da Nova Zel\u00e2ndia e ministro do seu governo<br>01:04:30 mensagem v\u00eddeo Alfred Ngaro<br>mensagem v\u00eddeo de um representante de Sua Majestade, a Rainha de Tonga<br>01:06:25 Mensagem de Hudson Mukunza - Qu\u00e9nia<br>01:08:25 Mensagem de John Robb<br>01:23:41 Rick Ridings<br>01:44:00 Cerim\u00f3nia de \"selagem do decreto<br>01:50:09 Soprando os shofars<br>02:03:02 \"partindo\" com uma delega\u00e7\u00e3o para o Pal\u00e1cio da Paz - momento de intera\u00e7\u00e3o entre o Pal\u00e1cio da Paz e o F\u00f3rum Mundial e David Parson fala \u00e0 frente do Pal\u00e1cio da Paz<br>02:24:50 Um milagre: o imposs\u00edvel acontece: Jack van der Tang \u00e9 autorizado a entrar no TIJ e a entregar o Decreto.<br>02:56:04 O grupo est\u00e1 de volta e segue-se um momento de agradecimento e ora\u00e7\u00e3o.<br>03:08:05 O Julgamento \u00e9 oficialmente encerrado. Segue-se apenas a sess\u00e3o nocturna.<\/p>\n<\/div><\/div>\n\n\n\n<div class=\"wp-block-group bg-gradient-radial-prim-light\"><div class=\"wp-block-group__inner-container is-layout-constrained wp-block-group-is-layout-constrained\">\n<figure class=\"wp-block-embed is-type-video is-provider-youtube wp-block-embed-youtube wp-embed-aspect-16-9 wp-has-aspect-ratio\"><div class=\"wp-block-embed__wrapper\">\n<iframe loading=\"lazy\" title=\"The Trial 2024 - Reuni\u00e3o #5 - Quinta-feira \u00e0 noite - cerim\u00f3nia de encerramento\" width=\"500\" height=\"281\" src=\"https:\/\/www.youtube.com\/embed\/F0_tsfIdemk?feature=oembed\" frameborder=\"0\" allow=\"accelerometer; autoplay; clipboard-write; encrypted-media; gyroscope; picture-in-picture; web-share\" referrerpolicy=\"strict-origin-when-cross-origin\" allowfullscreen><\/iframe>\n<\/div><\/figure>\n\n\n\n<p><strong>The Trial 2024 - Reuni\u00e3o #5 - Quinta-feira \u00e0 noite - cerim\u00f3nia de encerramento<\/strong><br>00:00:45 Soprando o shofar<br>00:01:25 Bem-vindo por Jack van der Tang<br>00:03:13 Adora\u00e7\u00e3o<br>00:23:00 dr. Satish Kumar. Pastor da maior igreja da \u00cdndia<br>01:08:00 Coro do Urker Man<br>01:25:40 Yaron Wax, embaixador adjunto de Israel em Haia<br>01:33:50 Mensagem de v\u00eddeo de Jonathan Cahn<br>01:49:30 adora\u00e7\u00e3o<br>01:55:40 mensagem de Michele Bachmann<br>02:18:00 Palavras finais de Jack van der Tang \/ adora\u00e7\u00e3o<\/p>\n<\/div><\/div>\n<\/div>\n<\/div>\n<\/div>","protected":false},"excerpt":{"rendered":"<p>Videos of The Trial The Trial 2024 &#8211; Meeting #1 &#8211; Wednesday morning00:00:00 Opening with the shofar worship by Eric Lagestrom and band00:30:30 Jack van der Tang brings the Torah case and shares about &#8216;why The Trial&#8217;00:46:30 ambassador Modi Ephraim welcomes everybody00:51:28 Jack van der Tang continues00:54:00 Rabbi Katzman, as the local rabbi, speaks about [&hellip;]<\/p>\n","protected":false},"author":8,"featured_media":0,"parent":0,"menu_order":0,"comment_status":"closed","ping_status":"closed","template":"","meta":{"_acf_changed":false,"footnotes":""},"class_list":["post-2236","page","type-page","status-publish","hentry"],"acf":[],"_links":{"self":[{"href":"https:\/\/thetrial.org\/pt\/wp-json\/wp\/v2\/pages\/2236","targetHints":{"allow":["GET"]}}],"collection":[{"href":"https:\/\/thetrial.org\/pt\/wp-json\/wp\/v2\/pages"}],"about":[{"href":"https:\/\/thetrial.org\/pt\/wp-json\/wp\/v2\/types\/page"}],"author":[{"embeddable":true,"href":"https:\/\/thetrial.org\/pt\/wp-json\/wp\/v2\/users\/8"}],"replies":[{"embeddable":true,"href":"https:\/\/thetrial.org\/pt\/wp-json\/wp\/v2\/comments?post=2236"}],"version-history":[{"count":3,"href":"https:\/\/thetrial.org\/pt\/wp-json\/wp\/v2\/pages\/2236\/revisions"}],"predecessor-version":[{"id":2260,"href":"https:\/\/thetrial.org\/pt\/wp-json\/wp\/v2\/pages\/2236\/revisions\/2260"}],"wp:attachment":[{"href":"https:\/\/thetrial.org\/pt\/wp-json\/wp\/v2\/media?parent=2236"}],"curies":[{"name":"wp","href":"https:\/\/api.w.org\/{rel}","templated":true}]}}